{"id":102,"date":"2015-07-08T13:22:43","date_gmt":"2015-07-08T12:22:43","guid":{"rendered":"http:\/\/irania.nl\/ggz\/?page_id=102"},"modified":"2016-01-21T02:43:05","modified_gmt":"2016-01-21T02:43:05","slug":"algemene-leveringsvoorwaarden","status":"publish","type":"page","link":"https:\/\/www.ggz-reflection.nl\/tr\/algemene-leveringsvoorwaarden\/","title":{"rendered":"Genel teslimat \u015fartlar\u0131"},"content":{"rendered":"<p><section class=\"cs-section\"><div class=\"container\"><div class=\"row\"><div class=\"col-md-8\"><div class=\"cs-column-text\"><p>GGZ genel teslimat \u015fartlar\u0131 uygulanmaktad\u0131r. Genel \u015fartlarda sizin neye ihtiyac\u0131n\u0131z oldu\u011fu yazmaz. Burda biz, yani GGZ-Reflection Haaglanda olarak ve sizin durman\u0131z gereken \u015fartlar bulunmaltad\u0131r. Bu \u015fartlarda siz ve bizim uymam\u0131z gereken genel haklar ve mecburiyetler yer almaktad\u0131r. Bunlar asl\u0131nd a yap\u0131lan anla\u015fman\u0131n k\u00fc\u00e7\u00fck harfleridir. Akl\u0131n\u0131za gelmesi gereken konular; gizlilik \u015fartlar\u0131, bilgi payla\u015f\u0131m\u0131, dosya y\u00f6nlendirilmesi vesayre gibi konular yer almakta. Bu \u015fartlar GGZ Hollanda, Consument bond ve NPCF taraf\u0131ndan uygulamaya koyulmu\u015ftur.<\/p>\n<\/div><\/div><div class=\"col-md-4\"><div class=\"cs-iconbox cs-iconbox-center cs-animation bounceInRight\" data-delay=\"0.5\" data-duration=\"2\"><div class=\"cs-iconbox-header\"><div class=\"cs-iconbox-icon\"><span class=\"cs-in fa fa-paperclip cs-icon cs-icon-accent cs-icon-bgcolor cs-icon-circle cs-icon-custom\" style=\"font-size:100px;\"><\/span><\/div><\/div><div class=\"cs-iconbox-text\"><\/div><\/div><\/div><\/div><\/div><\/section><\/p>","protected":false},"excerpt":{"rendered":"<p><span class=\"entry-read-more\"><a href=\"https:\/\/www.ggz-reflection.nl\/tr\/algemene-leveringsvoorwaarden\/\" class=\"cs-btn cs-btn-flat cs-btn-rounded cs-btn-xxs cs-btn-flat-accent\">Daha fazlas\u0131n\u0131 oku<\/a><\/span><\/p>\n","protected":false},"author":2,"featured_media":0,"parent":0,"menu_order":0,"comment_status":"closed","ping_status":"closed","template":"","meta":{"footnotes":""},"class_list":["post-102","page","type-page","status-publish","hentry"],"_links":{"self":[{"href":"https:\/\/www.ggz-reflection.nl\/tr\/wp-json\/wp\/v2\/pages\/102","targetHints":{"allow":["GET"]}}],"collection":[{"href":"https:\/\/www.ggz-reflection.nl\/tr\/wp-json\/wp\/v2\/pages"}],"about":[{"href":"https:\/\/www.ggz-reflection.nl\/tr\/wp-json\/wp\/v2\/types\/page"}],"author":[{"embeddable":true,"href":"https:\/\/www.ggz-reflection.nl\/tr\/wp-json\/wp\/v2\/users\/2"}],"replies":[{"embeddable":true,"href":"https:\/\/www.ggz-reflection.nl\/tr\/wp-json\/wp\/v2\/comments?post=102"}],"version-history":[{"count":6,"href":"https:\/\/www.ggz-reflection.nl\/tr\/wp-json\/wp\/v2\/pages\/102\/revisions"}],"predecessor-version":[{"id":965,"href":"https:\/\/www.ggz-reflection.nl\/tr\/wp-json\/wp\/v2\/pages\/102\/revisions\/965"}],"wp:attachment":[{"href":"https:\/\/www.ggz-reflection.nl\/tr\/wp-json\/wp\/v2\/media?parent=102"}],"curies":[{"name":"wp","href":"https:\/\/api.w.org\/{rel}","templated":true}]}}