{"id":106,"date":"2015-07-08T13:31:06","date_gmt":"2015-07-08T12:31:06","guid":{"rendered":"http:\/\/irania.nl\/ggz\/?page_id=106"},"modified":"2016-12-19T12:36:53","modified_gmt":"2016-12-19T12:36:53","slug":"kleinschalig-en-persoonlijk","status":"publish","type":"page","link":"https:\/\/www.ggz-reflection.nl\/tr\/kleinschalig-en-persoonlijk\/","title":{"rendered":"K\u00fc\u00e7\u00fck ve ki\u015fisel"},"content":{"rendered":"<p><section class=\"cs-section\"><div class=\"container\"><div class=\"row\"><div class=\"col-md-8\"><div class=\"cs-column-text\"><p>GGZ-Reflection Haaglanden 2013\u2019te kurulmu\u015futur. Ekibimiz sadece odak semptonlar\u0131 de\u011fil, ayn\u0131 zamanda altta yatan fakt\u00f6rlere entegre bir yakla\u015f\u0131m ile \u00e7al\u0131\u015fmaktad\u0131r.<\/p>\n<p>Soruna bu denli bir yakla\u015f\u0131mla prolemlerin k\u00f6kten \u00e7\u00f6z\u00fclmesi ve kal\u0131c\u0131 bir \u00e7\u00f6z\u00fcm etkisi b\u0131rak\u0131lmas\u0131 m\u00fcmk\u00fcnd\u00fcr. Ekibimiz sizin probleminizi k\u00f6kten \u00e7\u00f6zmek i\u00e7in beraber \u00e7al\u0131\u015fmaktad\u0131r. GGZ-Reflection olarak uzamanlarla beraber \u00e7al\u0131\u015fmay\u0131 \u00e7ok \u00f6nemsemekteyiz. Kurumumuzun k\u00fc\u00e7\u00fck \u00f6l\u00e7ekli yap\u0131 olmas\u0131, beraber \u00e7al\u0131\u015fma imkan\u0131n\u0131 bi hayli kolayla\u015ft\u0131rmaktad\u0131r, b\u00f6ylelikle size en iyi \u015fekilde hizmet edebilme imkan\u0131n\u0131 sa\u011flamaktay\u0131z.<\/p>\n<\/div><\/div><div class=\"col-md-4\"><div class=\"cs-iconbox cs-iconbox-center cs-animation bounceInRight\" data-delay=\"0.5\" data-duration=\"2\"><div class=\"cs-iconbox-header\"><div class=\"cs-iconbox-icon\"><span class=\"cs-in fa fa-male cs-icon cs-icon-accent cs-icon-bgcolor cs-icon-circle cs-icon-custom\" style=\"font-size:100px;\"><\/span><\/div><\/div><div class=\"cs-iconbox-text\"><\/div><\/div><\/div><\/div><\/div><\/section><\/p>","protected":false},"excerpt":{"rendered":"<p><span class=\"entry-read-more\"><a href=\"https:\/\/www.ggz-reflection.nl\/tr\/kleinschalig-en-persoonlijk\/\" class=\"cs-btn cs-btn-flat cs-btn-rounded cs-btn-xxs cs-btn-flat-accent\">Daha fazlas\u0131n\u0131 oku<\/a><\/span><\/p>\n","protected":false},"author":2,"featured_media":0,"parent":0,"menu_order":0,"comment_status":"closed","ping_status":"closed","template":"","meta":{"footnotes":""},"class_list":["post-106","page","type-page","status-publish","hentry"],"_links":{"self":[{"href":"https:\/\/www.ggz-reflection.nl\/tr\/wp-json\/wp\/v2\/pages\/106","targetHints":{"allow":["GET"]}}],"collection":[{"href":"https:\/\/www.ggz-reflection.nl\/tr\/wp-json\/wp\/v2\/pages"}],"about":[{"href":"https:\/\/www.ggz-reflection.nl\/tr\/wp-json\/wp\/v2\/types\/page"}],"author":[{"embeddable":true,"href":"https:\/\/www.ggz-reflection.nl\/tr\/wp-json\/wp\/v2\/users\/2"}],"replies":[{"embeddable":true,"href":"https:\/\/www.ggz-reflection.nl\/tr\/wp-json\/wp\/v2\/comments?post=106"}],"version-history":[{"count":10,"href":"https:\/\/www.ggz-reflection.nl\/tr\/wp-json\/wp\/v2\/pages\/106\/revisions"}],"predecessor-version":[{"id":1161,"href":"https:\/\/www.ggz-reflection.nl\/tr\/wp-json\/wp\/v2\/pages\/106\/revisions\/1161"}],"wp:attachment":[{"href":"https:\/\/www.ggz-reflection.nl\/tr\/wp-json\/wp\/v2\/media?parent=106"}],"curies":[{"name":"wp","href":"https:\/\/api.w.org\/{rel}","templated":true}]}}