{"id":1593,"date":"2018-06-14T06:55:51","date_gmt":"2018-06-14T06:55:51","guid":{"rendered":"http:\/\/www.ggz-reflection.nl\/?page_id=1593"},"modified":"2019-07-31T18:52:27","modified_gmt":"2019-07-31T18:52:27","slug":"psychiater","status":"publish","type":"page","link":"https:\/\/www.ggz-reflection.nl\/tr\/psychiater\/","title":{"rendered":"Bizimle \u00c7al\u0131\u015fmak istemisin?"},"content":{"rendered":"<p><section class=\"cs-section\"><div class=\"container\"><div class=\"row\"><div class=\"col-md-8\"><div class=\"cs-column-text\"><p>GGZ-Reflection ruhsal ve sa\u011fl\u0131k alan\u0131nda k\u00fc\u00e7\u00fck bir kurulu\u015ftur. Uzmanl\u0131k alan\u0131m\u0131z k\u00fclt\u00fcrel arka planda ruhsal ve sa\u011fl\u0131k problemleridir. Herhangi psikolojik problemde k\u00fclt\u00fcrle olan ba\u011flant\u0131y\u0131 aramaktay\u0131z.<\/p>\n<p>Flexibel ve k\u00fc\u00e7\u00fck bir ekipte \u00e7al\u0131\u015farak her birimiz b\u00fcy\u00fcmemize katk\u0131da bulunuyoruz. Biz birbirimize g\u00fcveniroyruz ve birbirimizden destek al\u0131yoruz. As\u0131l hedefimiz: kaliteli, profesiyonel, flexibel ve g\u00fcven as\u0131c\u0131 olmak.<\/p>\n<p>Bize destek \u00e7\u0131kmak ho\u015funam\u0131 gider? O halde a\u015fa\u011f\u0131da bulunan i\u015f ilanlar\u0131na g\u00f6z at. Kendi ilgi alan\u0131na ait bi i\u015f ilan\u0131 bulmad\u0131nm\u0131? O halde bize a\u00e7\u0131k i\u015f ba\u015fvurunu g\u00f6nder veya bizi ara! \u0131nfo@ggz-reflection.nl veya 070-2629311.<\/p>\n<\/div><\/div><div class=\"col-md-4\"><div class=\"cs-iconbox cs-iconbox-center cs-animation bounceInRight\" data-delay=\"0.5\" data-duration=\"2\"><div class=\"cs-iconbox-header\"><div class=\"cs-iconbox-icon\"><span class=\"cs-in fa fa-cogs cs-icon cs-icon-accent cs-icon-bgcolor cs-icon-circle cs-icon-custom\" style=\"font-size:100px;\"><\/span><\/div><\/div><div class=\"cs-iconbox-text\"><\/div><\/div><\/div><\/div><\/div><\/section><\/p>","protected":false},"excerpt":{"rendered":"<p><span class=\"entry-read-more\"><a href=\"https:\/\/www.ggz-reflection.nl\/tr\/psychiater\/\" class=\"cs-btn cs-btn-flat cs-btn-rounded cs-btn-xxs cs-btn-flat-accent\">Daha fazlas\u0131n\u0131 oku<\/a><\/span><\/p>\n","protected":false},"author":3,"featured_media":0,"parent":0,"menu_order":0,"comment_status":"closed","ping_status":"closed","template":"","meta":{"footnotes":""},"class_list":["post-1593","page","type-page","status-publish","hentry"],"_links":{"self":[{"href":"https:\/\/www.ggz-reflection.nl\/tr\/wp-json\/wp\/v2\/pages\/1593","targetHints":{"allow":["GET"]}}],"collection":[{"href":"https:\/\/www.ggz-reflection.nl\/tr\/wp-json\/wp\/v2\/pages"}],"about":[{"href":"https:\/\/www.ggz-reflection.nl\/tr\/wp-json\/wp\/v2\/types\/page"}],"author":[{"embeddable":true,"href":"https:\/\/www.ggz-reflection.nl\/tr\/wp-json\/wp\/v2\/users\/3"}],"replies":[{"embeddable":true,"href":"https:\/\/www.ggz-reflection.nl\/tr\/wp-json\/wp\/v2\/comments?post=1593"}],"version-history":[{"count":9,"href":"https:\/\/www.ggz-reflection.nl\/tr\/wp-json\/wp\/v2\/pages\/1593\/revisions"}],"predecessor-version":[{"id":1937,"href":"https:\/\/www.ggz-reflection.nl\/tr\/wp-json\/wp\/v2\/pages\/1593\/revisions\/1937"}],"wp:attachment":[{"href":"https:\/\/www.ggz-reflection.nl\/tr\/wp-json\/wp\/v2\/media?parent=1593"}],"curies":[{"name":"wp","href":"https:\/\/api.w.org\/{rel}","templated":true}]}}