{"id":322,"date":"2015-06-28T12:03:09","date_gmt":"2015-06-28T11:03:09","guid":{"rendered":"http:\/\/irania.nl\/ggz\/?page_id=50"},"modified":"2025-08-11T13:54:38","modified_gmt":"2025-08-11T13:54:38","slug":"home-2","status":"publish","type":"page","link":"https:\/\/www.ggz-reflection.nl\/tr\/","title":{"rendered":"Home"},"content":{"rendered":"<p><section class=\"cs-section custom-padding\" style=\"background-image: url(http:\/\/www.ggz-reflection.nl\/wp-content\/uploads\/2015\/06\/Zonsopgang-GGZ.png); background-repeat: no-repeat; background-position: 50% 50%; padding-top: 410px; padding-bottom:40px;\"><div class=\"container\"><div class=\"row\"><div class=\"col-md-4\"><div class=\"cs-btn-align text-center\"><a href=\"url:http%3A%2F%2Fwww.ggz-reflection.nl%2Fons-zorgaanbod%2F|title:Voor%20cli%C3%ABnten%20|\" class=\"cs-btn cs-btn-flat cs-btn-pill cs-btn-flat-accent cs-btn-xl cs-animation fadeInDown\" data-delay=\"0.5\" data-duration=\"2\"><i class=\"cs-in fa fa-child\"><\/i>M\u00fc\u015fteriler<br \/>\n<\/a><\/div><\/div><div class=\"col-md-4\"><div class=\"cs-btn-align text-center\"><a href=\"url:http%3A%2F%2Fwww.ggz-reflection.nl%2Fverwijzen-naar-ggz-reflection-haaglanden%2F|title:Voor%20verwijzers|\" class=\"cs-btn cs-btn-flat cs-btn-pill cs-btn-flat-accent cs-btn-xl cs-animation fadeInDown\" data-delay=\"1\" data-duration=\"2\"><i class=\"cs-in fa fa-external-link\"><\/i>Y\u00f6nlendirenler<\/a><\/div><\/div><div class=\"col-md-4\"><div class=\"cs-btn-align text-center\"><a href=\"url:http%3A%2F%2Fwww.ggz-reflection.nl%2Faanmelden%2F|title:Direct%20aanmelden|\" class=\"cs-btn cs-btn-flat cs-btn-pill cs-btn-flat-accent cs-btn-xl cs-animation fadeInDown\" data-delay=\"1.5\" data-duration=\"2\"><i class=\"cs-in fa fa-mail-forward\"><\/i>Hemen kay\u0131t ol<br \/>\n<\/a><\/div><\/div><\/div><\/div><\/section><section class=\"cs-section sm-padding\" style=\" background-color: #5cb85c;\"><div class=\"container\"><div class=\"row\"><div class=\"col-md-12\"><div class=\"cs-column-text\"><h1 style=\"text-align: center;\"><span style=\"color: #ffffff;\">Sevgi ve k\u00fclt\u00fcr hassasiyetli bak\u0131m<\/span><\/h1>\n<\/div><\/div><\/div><\/div><\/section><section class=\"cs-section\"><div class=\"container\"><div class=\"row\"><div class=\"col-md-6\"><div class=\"cs-column-text cs-animation fadeInRight\" data-delay=\"0.5\" data-duration=\"1\"><p>Kurumumuzda, sizin sa\u011fl\u0131\u011f\u0131n\u0131za engel psikolojik sorunlar\u0131 olan ki\u015filere yard\u0131m edebiliriz. Bizim tedavilerimiz esnek ve ki\u015fisel y\u00f6nlere odaklanarak \u015fekillenir. Her daim kisiye uygun bir tedavi y\u00f6ntemi bulmak i\u00e7in gayret vermekteyiz. Her zaman sizin isteklerinizi baz alarak tedaviye devam ederiz.<\/p>\n<p>GGZ-Reflection Haaglanden k\u00fc\u00e7\u00fck bir kurumdur, her daim sizi baz alarak ki\u015fiye \u00f6zel ilgi verilmektedir. Bekleme listemiz olmad\u0131\u011f\u0131ndan dolay\u0131 ayn\u0131 hafta i\u00e7inde bizimle g\u00f6r\u00fc\u015fme imkan\u0131n\u0131z vard\u0131r.<\/p>\n<\/div><\/div><div class=\"col-md-6\"><div class=\"cs-column-text cs-animation fadeInRight\" data-delay=\"1\" data-duration=\"1\"><p>Bizim uzmanl\u0131k alan\u0131m\u0131z \u00f6zellikle kaliteli ve k\u00fclt\u00fcrel etkenlerden olu\u015fan sa\u011fl\u0131k \u00e7\u00f6z\u00fcmleridir. Bu \u015fu anlam\u0131 i\u00e7ererir; sizin k\u00fclt\u00fcrel etkenlerinizi \u00f6zellikle baz almaktay\u0131z. Ekibimiz farkl\u0131 milletlerden olu\u015fan profesyonellerden olu\u015fmaktad\u0131r. Bu nedenle k\u00fclt\u00fcrel s\u0131k\u0131nt\u0131lardan olu\u015fan rahats\u0131zl\u0131klar\u0131n\u0131z\u0131 daha rahat bir \u015fekilde \u00e7\u00f6zebilmekteyiz. Uzmanlar\u0131m\u0131z farkl\u0131 dillerde konu\u015fabilmektedirler. Bu diller; \u0130ngilizce, Fars\u00e7a, T\u00fcrk\u00e7e, Fasca ve K\u00fcrt\u00e7e\u2019dir. Buda sizi daha iyi anlamam\u0131za vesile oldu\u011fu i\u00e7in kendinizi daha rahat ve iyi hissettireci\u011fine inan\u0131yoruz.<\/p>\n<\/div><\/div><\/div><\/div><\/section><section class=\"cs-section sm-padding\" style=\" background-color: #e8e8e8;\"><div class=\"container\"><div class=\"row\"><div class=\"col-md-4\"><div class=\"cs-column-text cs-animation fadeIn\" data-delay=\"1\" data-duration=\"1\"><h1 style=\"text-align: left;\"><span style=\"color: #808080;\">\u21d2 \u00a0Beni Geri Ara!<\/span><\/h1>\n<hr \/>\n<blockquote>\n<h4><span style=\"color: #999999;\">Formu doldurun ve sizi 2 g\u00fcn i\u00e7ine geri ar\u0131yal\u0131m.<\/span><\/h4>\n<\/blockquote>\n<\/div><\/div><div class=\"col-md-4\"><div class=\"cs-iconbox cs-iconbox-right cs-animation bounce\" data-delay=\"1.5\" data-duration=\"1\"><div class=\"cs-iconbox-header\"><div class=\"cs-iconbox-icon\"><span class=\"cs-icon-outer cs-icon-accent cs-icon-circle\"><span class=\"cs-in fa fa-mobile-phone cs-icon cs-icon-accent cs-icon-bordered cs-icon-circle cs-icon-custom\" style=\"border-style:dashed;font-size:90px;\"><\/span><\/span><\/div><\/div><div class=\"cs-iconbox-block\"><div class=\"cs-iconbox-text\"><\/div><\/div><\/div><\/div><div class=\"col-md-4\">[contact-form-7 id=&#8221;983&#8243;]<\/div><\/div><\/div><\/section><\/p>","protected":false},"excerpt":{"rendered":"<p><span class=\"entry-read-more\"><a href=\"https:\/\/www.ggz-reflection.nl\/tr\/\" class=\"cs-btn cs-btn-flat cs-btn-rounded cs-btn-xxs cs-btn-flat-accent\">Daha fazlas\u0131n\u0131 oku<\/a><\/span><\/p>\n","protected":false},"author":2,"featured_media":0,"parent":0,"menu_order":0,"comment_status":"open","ping_status":"open","template":"","meta":{"footnotes":""},"class_list":["post-322","page","type-page","status-publish","hentry"],"_links":{"self":[{"href":"https:\/\/www.ggz-reflection.nl\/tr\/wp-json\/wp\/v2\/pages\/322","targetHints":{"allow":["GET"]}}],"collection":[{"href":"https:\/\/www.ggz-reflection.nl\/tr\/wp-json\/wp\/v2\/pages"}],"about":[{"href":"https:\/\/www.ggz-reflection.nl\/tr\/wp-json\/wp\/v2\/types\/page"}],"author":[{"embeddable":true,"href":"https:\/\/www.ggz-reflection.nl\/tr\/wp-json\/wp\/v2\/users\/2"}],"replies":[{"embeddable":true,"href":"https:\/\/www.ggz-reflection.nl\/tr\/wp-json\/wp\/v2\/comments?post=322"}],"version-history":[{"count":141,"href":"https:\/\/www.ggz-reflection.nl\/tr\/wp-json\/wp\/v2\/pages\/322\/revisions"}],"predecessor-version":[{"id":2808,"href":"https:\/\/www.ggz-reflection.nl\/tr\/wp-json\/wp\/v2\/pages\/322\/revisions\/2808"}],"wp:attachment":[{"href":"https:\/\/www.ggz-reflection.nl\/tr\/wp-json\/wp\/v2\/media?parent=322"}],"curies":[{"name":"wp","href":"https:\/\/api.w.org\/{rel}","templated":true}]}}