{"id":323,"date":"2015-07-08T13:13:40","date_gmt":"2015-07-08T12:13:40","guid":{"rendered":"http:\/\/irania.nl\/ggz\/?page_id=65"},"modified":"2024-09-10T13:45:34","modified_gmt":"2024-09-10T13:45:34","slug":"aanmelden","status":"publish","type":"page","link":"https:\/\/www.ggz-reflection.nl\/tr\/aanmelden\/","title":{"rendered":"Kay\u0131t yapma"},"content":{"rendered":"<p><section class=\"cs-section\"><div class=\"container\"><div class=\"row\"><div class=\"col-md-4\"><div class=\"cs-column-text\"><h2 style=\"text-align: center;\"><span style=\"color: #008000;\"><strong>Telefon numaran\u0131z\u0131 bize b\u0131rak\u0131n, sizi hemen geri ar\u0131yal\u0131m<\/strong><\/span><\/h2>\n<\/div><\/div><div class=\"col-md-4\"><div class=\"cs-iconbox cs-iconbox-center cs-animation tada\" data-delay=\"0.5\" data-duration=\"2\"><div class=\"cs-iconbox-header\"><div class=\"cs-iconbox-icon\"><span class=\"cs-in fa fa-phone cs-icon cs-icon-accent cs-icon-bgcolor cs-icon-rounded cs-icon-custom\" style=\"font-size:100px;\"><\/span><\/div><\/div><div class=\"cs-iconbox-text\"><\/div><\/div><\/div><div class=\"col-md-4\">[contact-form-7 id=&#8221;983&#8243;]<\/div><\/div><\/div><\/section><section class=\"cs-section\"><div class=\"container\"><div class=\"row\"><div class=\"col-md-4\"><div class=\"cs-column-text\"><h2 style=\"text-align: center;\"><strong><span style=\"color: #008000;\">Online kay\u0131t formunu kendiniz doldurun<\/span><\/strong><\/h2>\n<\/div><\/div><div class=\"col-md-4\"><div class=\"cs-iconbox cs-iconbox-center cs-animation tada\" data-delay=\"1\" data-duration=\"2\"><div class=\"cs-iconbox-header\"><div class=\"cs-iconbox-icon\"><span class=\"cs-in fa fa-folder-open cs-icon cs-icon-accent cs-icon-bgcolor cs-icon-rounded cs-icon-custom\" style=\"font-size:100px;\"><\/span><\/div><\/div><div class=\"cs-iconbox-text\"><\/div><\/div><\/div><div class=\"col-md-4\"><\/div><\/div><\/div><\/section><section class=\"cs-section\"><div class=\"container\"><div class=\"row\"><div class=\"col-md-8\"><div class=\"cs-column-text\"><p>Kendinizi GGZ-Reflection Haaglanden\u2019a kay\u0131t etmek i\u00e7in ev doktorundan veya yetkili herhangi birinden y\u00f6nlendirme ka\u011f\u0131d\u0131 alman\u0131z gerekmektedir.\u00a0 Bu y\u00f6nlendirme belgenizi ald\u0131ktan sonra bizimle telefonla konta\u011fa ge\u00e7ebilirsiniz. Numaram\u0131z: 070-2629311. Biz kayd\u0131n\u0131z\u0131 telefondan al\u0131p sizi EPD (elektronik sa\u011fl\u0131k dosyas\u0131) sistemimize ekliyoruz. Bunun hemen ard\u0131ndan tan\u0131\u015fma g\u00f6r\u00fc\u015fmesi i\u00e7in sizinle randevu yap\u0131yoruz. Sizden r\u0131cam\u0131z a\u015fa\u011f\u0131da belirtilen belgelerini tan\u0131\u015fma g\u00f6r\u00fc\u015fmenizde getirmeniz:<\/p>\n<ul>\n<li>Y\u00f6nlendirme belgeniz<\/li>\n<li>Sigorta kart\u0131n\u0131z<\/li>\n<li>Kimlik kart\u0131n\u0131z<\/li>\n<li>Kulland\u0131\u011f\u0131n\u0131z ila\u00e7lar\u0131n belgesi (bunu eczaneden alabilirsiniz)<\/li>\n<\/ul>\n<p>Telefonla kay\u0131t yapma yan\u0131 s\u0131ra bizim Calandstraat 12 (Den Haag) adresimize gelip kay\u0131t yapman\u0131zda m\u00fcmk\u00fcnd\u00fcr. Bu durumdada yukar\u0131da belirtti\u011fimiz belgeleri sizden rica etmekteyiz. Bu belgeleri mail adresimiz\u00a0 info@ggz-reflection.nl\u2019ye g\u00f6nderebilirsiniz. Telefon numaran\u0131z\u0131 ilave etmeyi unutmay\u0131n\u0131z. Kay\u0131t yapman\u0131z i\u00e7in size telefon a\u00e7abiliriz.<\/p>\n<p>\u0130lk g\u00f6r\u00fc\u015fmemize bize haber verilmeden gelinmemesi durumunda malesef randevuya gelinmeme kanunlar\u0131 uygulanmaktad\u0131r. Herhangi bir sebebten dolay\u0131 gelemedi\u011finiz zaman l\u00fctfen bizi en az 24 saat \u00f6ncesinden (070-2629311) haberdar ediniz. \u00c7al\u0131\u015fma saatleri d\u0131\u015f\u0131nda bize sesli mesajda g\u00f6nderebilirsiniz. \u00c7al\u0131\u015fanlar\u0131m\u0131z taraf\u0131ndan hemen geri aranacaks\u0131n\u0131z. Bize haber etmeden gelinmemesi durumunda randavuya gelinmedi cezas\u0131 olarak \u20ac50,- sizden al\u0131nacakt\u0131r.<\/p>\n<\/div><\/div><div class=\"col-md-4\"><div class=\"cs-iconbox cs-iconbox-center cs-animation bounceInRight\" data-delay=\"0.5\" data-duration=\"2\"><div class=\"cs-iconbox-header\"><div class=\"cs-iconbox-icon\"><span class=\"cs-in fa fa-user-plus cs-icon cs-icon-accent cs-icon-bgcolor cs-icon-circle cs-icon-custom\" style=\"font-size:100px;\"><\/span><\/div><\/div><div class=\"cs-iconbox-text\"><\/div><\/div><\/div><\/div><\/div><\/section><\/p>","protected":false},"excerpt":{"rendered":"<p><span class=\"entry-read-more\"><a href=\"https:\/\/www.ggz-reflection.nl\/tr\/aanmelden\/\" class=\"cs-btn cs-btn-flat cs-btn-rounded cs-btn-xxs cs-btn-flat-accent\">Daha fazlas\u0131n\u0131 oku<\/a><\/span><\/p>\n","protected":false},"author":2,"featured_media":0,"parent":0,"menu_order":0,"comment_status":"closed","ping_status":"closed","template":"","meta":{"footnotes":""},"class_list":["post-323","page","type-page","status-publish","hentry"],"_links":{"self":[{"href":"https:\/\/www.ggz-reflection.nl\/tr\/wp-json\/wp\/v2\/pages\/323","targetHints":{"allow":["GET"]}}],"collection":[{"href":"https:\/\/www.ggz-reflection.nl\/tr\/wp-json\/wp\/v2\/pages"}],"about":[{"href":"https:\/\/www.ggz-reflection.nl\/tr\/wp-json\/wp\/v2\/types\/page"}],"author":[{"embeddable":true,"href":"https:\/\/www.ggz-reflection.nl\/tr\/wp-json\/wp\/v2\/users\/2"}],"replies":[{"embeddable":true,"href":"https:\/\/www.ggz-reflection.nl\/tr\/wp-json\/wp\/v2\/comments?post=323"}],"version-history":[{"count":68,"href":"https:\/\/www.ggz-reflection.nl\/tr\/wp-json\/wp\/v2\/pages\/323\/revisions"}],"predecessor-version":[{"id":2762,"href":"https:\/\/www.ggz-reflection.nl\/tr\/wp-json\/wp\/v2\/pages\/323\/revisions\/2762"}],"wp:attachment":[{"href":"https:\/\/www.ggz-reflection.nl\/tr\/wp-json\/wp\/v2\/media?parent=323"}],"curies":[{"name":"wp","href":"https:\/\/api.w.org\/{rel}","templated":true}]}}