{"id":324,"date":"2015-07-08T13:15:43","date_gmt":"2015-07-08T12:15:43","guid":{"rendered":"http:\/\/irania.nl\/ggz\/?page_id=70"},"modified":"2026-03-18T10:22:06","modified_gmt":"2026-03-18T10:22:06","slug":"ons-zorgaanbod","status":"publish","type":"page","link":"https:\/\/www.ggz-reflection.nl\/tr\/ons-zorgaanbod\/","title":{"rendered":"Bizim sa\u011fl\u0131k imkanlar\u0131m\u0131z"},"content":{"rendered":"<p><section class=\"cs-section\"><div class=\"container\"><div class=\"row\"><div class=\"col-md-8\"><div class=\"cs-column-text\"><p><strong>Tan\u0131\u015fma g\u00f6r\u00fc\u015fmesi<\/strong><\/p>\n<p>EPD (elektronik sa\u011fl\u0131k dosyas\u0131) taraf\u0131ndan kaydedildikten sonra bizden randevu alacaks\u0131n\u0131z. Bu randevu tan\u0131\u015fma randevusu olacakt\u0131r. Bu g\u00f6r\u00fc\u015fme ortalama bir saat zaman alacakt\u0131r ve bir psikolog ile beraber yap\u0131lacakt\u0131r. Bu g\u00f6r\u00fc\u015fme esnas\u0131nda m\u00fcmk\u00fcn oldu\u011funca bulundu\u011funuz durum de\u011ferlendirilcek ve size nas\u0131l bir \u00e7\u00f6z\u00fcm olabilirli\u011fi ara\u015ft\u0131r\u0131lacakt\u0131r.<\/p>\n<p>A\u015fa\u011f\u0131da belirtti\u011fimiz belgeleri tan\u0131\u015fma randevunuza getirmeniz gerekmektedir:<\/p>\n<ul>\n<li>Y\u00f6nlendirme belgeniz<\/li>\n<li>Sigorta kart\u0131n\u0131z<\/li>\n<li>Kimlik kart\u0131n\u0131z<\/li>\n<li>Kulland\u0131\u011f\u0131n\u0131z ila\u00e7lar\u0131n belgesi (bunu eczaneden alabilirsiniz)<\/li>\n<\/ul>\n<p><strong>Psikiyatrik muayene<\/strong><\/p>\n<p>Tan\u0131\u015fma g\u00f6r\u00fc\u015fmesinden hemen sonra sizinle uzman psikiyatrist ile randevu planlanacakt\u0131r. Psikiyatristimiz y\u00fcz y\u00fcze bir ara\u015ft\u0131rma yapacakt\u0131r. Bunun ad\u0131 psikiyatrik muayaenedir. Psikiyatrist bir sa\u011fl\u0131k uzman\u0131d\u0131r, yani bir doktordur. Bir doktor olarak bir psikiyatrist durumu psikolgik problemlerinizi sa\u011fl\u0131k y\u00f6n\u00fcyle incelemeye al\u0131r. Fiziksel rahats\u0131zl\u0131klar bu durumda de\u011ferlendirilir. Fiziksel etkenler bu tan\u0131mlamada de\u011ferlendirmeye al\u0131n\u0131r. Bu durumda rahatszil\u0131klar\u0131n\u0131za ila\u00e7 tedavisi gerektirmekte ise psikiyatristimiz bunu sizin i\u00e7in yazacakt\u0131r.<\/p>\n<p><strong>MDO<\/strong><\/p>\n<p>Ekibimiz sizin durumu de\u011ferlendirmek i\u00e7in bir araya gelip durum de\u011ferlendirmesi(MDO) yapacakt\u0131r. Bu toplant\u0131ya tedavi ekibide dahil olmaktad\u0131r. Bunu yani s\u0131ra tan\u0131\u015fma konu\u015fmas\u0131nda ve psikyatri konu\u015fmas\u0131nda size yard\u0131mc\u0131 olan ekibmanlar\u0131m\u0131zde bulunacakt\u0131r. Bu g\u00f6r\u00fc\u015fmede sizin probleminize en uygun \u00e7\u00f6z\u00fcmlerin ne oldu\u011fu g\u00f6r\u00fc\u015f\u00fcl\u00fcp konu\u015fulacakt\u0131r. Buna ba\u011fl\u0131 olarak bulundu\u011funuz ki\u015fisel durum ve bizden istedi\u011finiz yard\u0131mda de\u011ferlendirilecektir. Sizin i\u00e7in yap\u0131lan bu g\u00f6r\u00fc\u015fmeden bir sonu\u00e7 elde ederek size uygun bir plan haz\u0131rlanacakt\u0131r ve bu daha sonra sizinle payla\u015f\u0131lacakt\u0131r.<\/p>\n<p><strong>Tavsiye g\u00f6r\u00fc\u015fmesi<\/strong><\/p>\n<p>Tavsiye g\u00f6r\u00fc\u015fmesi sizin \u00fc\u00e7\u00fcnc\u00fc g\u00f6r\u00fc\u015fmeniz olacakt\u0131r. Bu sizin tan\u0131mlama b\u00f6l\u00fcm\u00fcn\u00fcn son g\u00f6r\u00fc\u015fmesi olacakt\u0131r. Bu g\u00f6r\u00fc\u015fmede sizin i\u00e7in olu\u015fturulmu\u015f plan sizinle payla\u015f\u0131lcakt\u0131r. Bu sonu\u00e7 hakk\u0131nda size ait g\u00f6r\u00fc\u015flerde de\u011ferledirlecektir. Sizin i\u00e7in tasarlanan bu plan siz ve GGZ-Reflection Haaglanden taraf\u0131ndan onaylanmas\u0131 gerekmektedir. Bunun akebinde buna start verilecektir.<\/p>\n<p><strong>Tedavi<\/strong><\/p>\n<p>Sizin i\u00e7in haz\u0131rlanan plan siz ve biz taraf\u0131ndan onayland\u0131ktan sonra tedavi s\u00fcrecini ba\u015flang\u0131\u00e7 yap\u0131lacakt\u0131r. Terapilerin her biri sizin ki\u015fili\u011finizle bire bir uyu\u015fmaktad\u0131r. Biz bilimsel tespit edilmi\u015f uygulmalar\u0131 size rahat ve yarat\u0131c\u0131 bir \u015fekilde uygulamaktay\u0131z. Bu anlamda fizik ve ruha, ge\u00e7mi\u015f ve gelece\u011fe, ki\u015fisel ve genel ve k\u00fclt\u00fcrel hasasiyetlere \u00f6nem verilmektedir. A\u015fa\u011f\u0131da GGZ-Reflection Haaglanden olarak sundu\u011fumuz tedavileri s\u0131ralanm\u0131\u015ft\u0131r.<\/p>\n<ul>\n<li>\u0130la\u00e7 tedavisi<\/li>\n<li>Desteleyici- ve yap\u0131la\u015fma g\u00f6r\u00fc\u015fmeleri<\/li>\n<li>Bili\u015fsel davran\u0131\u015f\u00e7\u0131 terapi<\/li>\n<li>ACT ( Kabul taahh\u00fct Terapi ) ( fark\u0131ndal\u0131k )<\/li>\n<li>EMDR<\/li>\n<li>Kisi Merkezli Terapi<\/li>\n<li>Sistem Terapisi<\/li>\n<\/ul>\n<p>Ayriyeten baz\u0131 tedevilerimiz grublar halinde verilmektedir.<\/p>\n<p><strong>M\u00fcdahalelerimizle hedeflediklerimiz \u015funlar:<\/strong><\/p>\n<ul>\n<li>Huzur<\/li>\n<li>G\u00fcnl\u00fck hayatta d\u00fczen<\/li>\n<li>Psikolojik ve psikosomatik (voltaj ) \u015fikayet azalt\u0131lmas\u0131<\/li>\n<li>Kabullenmeyi geli\u015ftirme<\/li>\n<li>Durumu de\u011fi\u015ftirmek i\u00e7in yetene\u011fi art\u0131r\u0131lmas\u0131<\/li>\n<li>Ki\u015fisel sorumluluk anlay\u0131\u015f\u0131 artt\u0131rmak<\/li>\n<li>Problemi kavrama yetene\u011fi geli\u015ftirmesi<\/li>\n<li>Motivasyonun daha a\u00e7tief bir \u015fekilde art\u0131r\u0131lmas\u0131<\/li>\n<\/ul>\n<p><strong>Randevuyu iptal etme veya de\u011fi\u015ftirme<\/strong><\/p>\n<p>Herhangi bir randevuyu iptal etmek veya de\u011fi\u015ftirmek istiyorsan\u0131z, bunun i\u00e7in ge\u00e7erli bir sebebiniz olmal\u0131d\u0131r. E\u011fer randevuyu de\u011fi\u015ftirmek istiyorsan\u0131z, bunu en az 24 saat \u00f6ncesinde telefon ile (070-2629311) bize bildirmeniz gerekmektedir. A\u00e7\u0131l\u0131\u015f saatlerimiz d\u0131\u015f\u0131nda bunu bize sesli mesaj olarakta iletebilirsiniz. Zaman\u0131nda iptal etme olmamas\u0131 ve randevuya gelmemeniz durumunda sa\u011fl\u0131k sigortan\u0131z taraf\u0131ndan \u20ac50,- \u00f6demeniz gerekmektedir. Bu sadece yap\u0131lan masraflar\u0131n bir k\u0131sm\u0131n\u0131 kar\u015f\u0131lamaktad\u0131r.<\/p>\n<\/div><\/div><div class=\"col-md-4\"><div class=\"cs-iconbox cs-iconbox-center cs-animation bounceInRight\" data-delay=\"0.5\" data-duration=\"2\"><div class=\"cs-iconbox-header\"><div class=\"cs-iconbox-icon\"><span class=\"cs-in fa fa-commenting-o cs-icon cs-icon-accent cs-icon-bgcolor cs-icon-circle cs-icon-custom\" style=\"font-size:100px;\"><\/span><\/div><\/div><div class=\"cs-iconbox-text\"><\/div><\/div><\/div><\/div><\/div><\/section><\/p>","protected":false},"excerpt":{"rendered":"<p><span class=\"entry-read-more\"><a href=\"https:\/\/www.ggz-reflection.nl\/tr\/ons-zorgaanbod\/\" class=\"cs-btn cs-btn-flat cs-btn-rounded cs-btn-xxs cs-btn-flat-accent\">Daha fazlas\u0131n\u0131 oku<\/a><\/span><\/p>\n","protected":false},"author":2,"featured_media":0,"parent":0,"menu_order":0,"comment_status":"closed","ping_status":"closed","template":"","meta":{"footnotes":""},"class_list":["post-324","page","type-page","status-publish","hentry"],"_links":{"self":[{"href":"https:\/\/www.ggz-reflection.nl\/tr\/wp-json\/wp\/v2\/pages\/324","targetHints":{"allow":["GET"]}}],"collection":[{"href":"https:\/\/www.ggz-reflection.nl\/tr\/wp-json\/wp\/v2\/pages"}],"about":[{"href":"https:\/\/www.ggz-reflection.nl\/tr\/wp-json\/wp\/v2\/types\/page"}],"author":[{"embeddable":true,"href":"https:\/\/www.ggz-reflection.nl\/tr\/wp-json\/wp\/v2\/users\/2"}],"replies":[{"embeddable":true,"href":"https:\/\/www.ggz-reflection.nl\/tr\/wp-json\/wp\/v2\/comments?post=324"}],"version-history":[{"count":19,"href":"https:\/\/www.ggz-reflection.nl\/tr\/wp-json\/wp\/v2\/pages\/324\/revisions"}],"predecessor-version":[{"id":2823,"href":"https:\/\/www.ggz-reflection.nl\/tr\/wp-json\/wp\/v2\/pages\/324\/revisions\/2823"}],"wp:attachment":[{"href":"https:\/\/www.ggz-reflection.nl\/tr\/wp-json\/wp\/v2\/media?parent=324"}],"curies":[{"name":"wp","href":"https:\/\/api.w.org\/{rel}","templated":true}]}}