{"id":334,"date":"2015-07-30T19:35:32","date_gmt":"2015-07-30T18:35:32","guid":{"rendered":"http:\/\/irania.nl\/ggz\/?page_id=322"},"modified":"2019-06-25T12:33:28","modified_gmt":"2019-06-25T12:33:28","slug":"links","status":"publish","type":"page","link":"https:\/\/www.ggz-reflection.nl\/tr\/links\/","title":{"rendered":"Linkler"},"content":{"rendered":"<p><section class=\"cs-section\"><div class=\"container\"><div class=\"row\"><div class=\"col-md-8\"><div class=\"cs-column-text\"><p>A\u015fa\u011f\u0131daki konular i\u00e7in daha fazla bilgi almak istiyorsan\u0131z size websayfalar\u0131n\u0131 y\u00f6nlendiriyoruz:<\/p>\n<p><strong>www.nza.nl<\/strong><\/p>\n<p>Hollanda genel kontrol mekanizmas\u0131. Sa\u011fl\u0131k alan\u0131nda b\u00fct\u00fcn kontrol\u00fc sa\u011fl\u0131yan kurulu\u015f. Hem sa\u011fl\u0131k sigrotas\u0131 hemde sa\u011fl\u0131k ocaklar\u0131n\u0131n kontrol\u00fcn\u00fc sa\u011fl\u0131yan kurulu\u015ftur. Burda GGZ ile ilgili masraflar hakk\u0131nda daha fazla bilgi alabilirisiniz.<\/p>\n<p><strong>www.trimbos.nl<\/strong><\/p>\n<p>Trimbos bir bilgi ensitit\u00fcs\u00fcd\u00fcr. Bu kurum ruhsal ve ba\u011f\u0131ml\u0131l\u0131k ara\u015ft\u0131rmalar\u0131 yapmaktad\u0131r. Trimbos hollanda\u2019da ve Hollanda d\u0131\u015f\u0131nda ruhsal problemlere yenileyici ve geli\u015ftirici \u00e7\u00f6z\u00fcmlerle gelmektedir.<\/p>\n<p><strong>www.eiggenwijzer.nl<\/strong><\/p>\n<p>Eigewijzer bir bilgi bankas\u0131d\u0131r. \u00dc\u00e7 y\u00fcze a\u015fk\u0131n y\u00f6ntem ve metodlarla GGZ alan\u0131nda bir\u00e7ok konuya \u00e7\u00f6z\u00fcm bulmkatad\u0131r. Bu sayfada psikoloji ve e\u011fitimi hakk\u0131nda adaha fazla bilgi edinebilirsiiz.<\/p>\n<p><strong>www.nedkad.nl<\/strong><\/p>\n<p>Ara\u015ft\u0131larmalar ve depresyon alan\u0131ndaki en son haberler burada geni\u015f bir kitleye hitap edilmekte.<\/p>\n<\/div><\/div><div class=\"col-md-4\"><div class=\"cs-iconbox cs-iconbox-center cs-animation bounceInRight\" data-delay=\"0.5\" data-duration=\"2\"><div class=\"cs-iconbox-header\"><div class=\"cs-iconbox-icon\"><span class=\"cs-in fa fa-link cs-icon cs-icon-accent cs-icon-bgcolor cs-icon-circle cs-icon-custom\" style=\"font-size:100px;\"><\/span><\/div><\/div><div class=\"cs-iconbox-text\"><\/div><\/div><\/div><\/div><\/div><\/section><\/p>","protected":false},"excerpt":{"rendered":"<p><span class=\"entry-read-more\"><a href=\"https:\/\/www.ggz-reflection.nl\/tr\/links\/\" class=\"cs-btn cs-btn-flat cs-btn-rounded cs-btn-xxs cs-btn-flat-accent\">Daha fazlas\u0131n\u0131 oku<\/a><\/span><\/p>\n","protected":false},"author":2,"featured_media":0,"parent":0,"menu_order":0,"comment_status":"closed","ping_status":"closed","template":"","meta":{"footnotes":""},"class_list":["post-334","page","type-page","status-publish","hentry"],"_links":{"self":[{"href":"https:\/\/www.ggz-reflection.nl\/tr\/wp-json\/wp\/v2\/pages\/334","targetHints":{"allow":["GET"]}}],"collection":[{"href":"https:\/\/www.ggz-reflection.nl\/tr\/wp-json\/wp\/v2\/pages"}],"about":[{"href":"https:\/\/www.ggz-reflection.nl\/tr\/wp-json\/wp\/v2\/types\/page"}],"author":[{"embeddable":true,"href":"https:\/\/www.ggz-reflection.nl\/tr\/wp-json\/wp\/v2\/users\/2"}],"replies":[{"embeddable":true,"href":"https:\/\/www.ggz-reflection.nl\/tr\/wp-json\/wp\/v2\/comments?post=334"}],"version-history":[{"count":10,"href":"https:\/\/www.ggz-reflection.nl\/tr\/wp-json\/wp\/v2\/pages\/334\/revisions"}],"predecessor-version":[{"id":1901,"href":"https:\/\/www.ggz-reflection.nl\/tr\/wp-json\/wp\/v2\/pages\/334\/revisions\/1901"}],"wp:attachment":[{"href":"https:\/\/www.ggz-reflection.nl\/tr\/wp-json\/wp\/v2\/media?parent=334"}],"curies":[{"name":"wp","href":"https:\/\/api.w.org\/{rel}","templated":true}]}}