{"id":39,"date":"2014-09-06T08:40:36","date_gmt":"2014-09-06T08:40:36","guid":{"rendered":"http:\/\/www.ggz-reflection.nl\/?page_id=39"},"modified":"2016-12-28T09:15:12","modified_gmt":"2016-12-28T09:15:12","slug":"disclaimer-2","status":"publish","type":"page","link":"https:\/\/www.ggz-reflection.nl\/tr\/disclaimer-2\/","title":{"rendered":"Yasal uyar\u0131"},"content":{"rendered":"<p><section class=\"cs-section\"><div class=\"container\"><div class=\"row\"><div class=\"col-md-8\"><div class=\"cs-column-text\"><p><strong>Genel<\/strong><\/p>\n<p>Bu websitedeki bilgiler en yeni haliyle yerle\u015ftirilmeye \u00e7al\u0131\u015f\u0131lm\u0131\u015ft\u0131r. Websitede bulunan bilgiler ve payla\u015f\u0131mlarla alakal\u0131 hi\u00e7 kimse taraf\u0131ndan hak iddia edilemez. GGZ-Reflection Haaglanden hi\u00e7bir \u015fekilde sorumuluk Kabul etmemektedir.<\/p>\n<p>&nbsp;<\/p>\n<p><strong>Bilgi kullan\u0131m\u0131<\/strong><\/p>\n<p>GGZ-Reflection Haaglanden websitede bulunan unsurlar\u0131n hakk\u0131na sahip \u00e7\u0131kmaktad\u0131r. Herhangi bir bilginin kullan\u0131lmas\u0131 durumunda hak iddia edece\u011fiz ve buna kar\u015f\u0131l\u0131k yasal i\u015flemlere ba\u015f vuraca\u011f\u0131z. B\u00fct\u00fcn haklar sakl\u0131d\u0131r.<\/p>\n<p><strong>Telif hakk\u0131<\/strong><\/p>\n<p>Websitede bulunan b\u00fct\u00fcn payla\u015f\u0131mlarda telif hakk\u0131 vard\u0131r. Bu haklar GGZ-Reflection Haaglanden\u2019a aittir. Kulan\u0131m\u0131 sadece yaz\u0131l\u0131 beyanneme ile kullan\u0131labilir. GGZ-Reflection Haaglanden m\u00fcsade etmeksizin hi\u00e7bir unsur websiteden \u00e7o\u011falt\u0131lamaz ve kullan\u0131lamaz.<\/p>\n<p>&nbsp;<\/p>\n<p><strong>Soru veya g\u00f6r\u00fc\u015fleriniz?<\/strong><\/p>\n<p>B\u00fct\u00fcn soru ve g\u00f6r\u00fc\u015fleriniz mail yoluyla bize sorabilir\/bildirabilrisiniz: <a href=\"mailto:info@ggz-reflection.nl\">info@ggz-reflection.nl<\/a><\/p>\n<\/div><\/div><div class=\"col-md-4\"><div class=\"cs-iconbox cs-iconbox-center cs-animation bounceInRight\" data-delay=\"0.5\" data-duration=\"2\"><div class=\"cs-iconbox-header\"><div class=\"cs-iconbox-icon\"><span class=\"cs-in fa fa-hand-paper-o cs-icon cs-icon-accent cs-icon-bgcolor cs-icon-circle cs-icon-custom\" style=\"font-size:100px;\"><\/span><\/div><\/div><div class=\"cs-iconbox-text\"><\/div><\/div><\/div><\/div><\/div><\/section><\/p>","protected":false},"excerpt":{"rendered":"<p><span class=\"entry-read-more\"><a href=\"https:\/\/www.ggz-reflection.nl\/tr\/disclaimer-2\/\" class=\"cs-btn cs-btn-flat cs-btn-rounded cs-btn-xxs cs-btn-flat-accent\">Daha fazlas\u0131n\u0131 oku<\/a><\/span><\/p>\n","protected":false},"author":2,"featured_media":0,"parent":0,"menu_order":0,"comment_status":"closed","ping_status":"open","template":"","meta":{"footnotes":""},"class_list":["post-39","page","type-page","status-publish","hentry"],"_links":{"self":[{"href":"https:\/\/www.ggz-reflection.nl\/tr\/wp-json\/wp\/v2\/pages\/39","targetHints":{"allow":["GET"]}}],"collection":[{"href":"https:\/\/www.ggz-reflection.nl\/tr\/wp-json\/wp\/v2\/pages"}],"about":[{"href":"https:\/\/www.ggz-reflection.nl\/tr\/wp-json\/wp\/v2\/types\/page"}],"author":[{"embeddable":true,"href":"https:\/\/www.ggz-reflection.nl\/tr\/wp-json\/wp\/v2\/users\/2"}],"replies":[{"embeddable":true,"href":"https:\/\/www.ggz-reflection.nl\/tr\/wp-json\/wp\/v2\/comments?post=39"}],"version-history":[{"count":12,"href":"https:\/\/www.ggz-reflection.nl\/tr\/wp-json\/wp\/v2\/pages\/39\/revisions"}],"predecessor-version":[{"id":1185,"href":"https:\/\/www.ggz-reflection.nl\/tr\/wp-json\/wp\/v2\/pages\/39\/revisions\/1185"}],"wp:attachment":[{"href":"https:\/\/www.ggz-reflection.nl\/tr\/wp-json\/wp\/v2\/media?parent=39"}],"curies":[{"name":"wp","href":"https:\/\/api.w.org\/{rel}","templated":true}]}}