{"id":73,"date":"2015-07-08T13:16:13","date_gmt":"2015-07-08T12:16:13","guid":{"rendered":"http:\/\/irania.nl\/ggz\/?page_id=73"},"modified":"2024-01-24T13:05:29","modified_gmt":"2024-01-24T13:05:29","slug":"kosten","status":"publish","type":"page","link":"https:\/\/www.ggz-reflection.nl\/tr\/kosten\/","title":{"rendered":"Masraflar"},"content":{"rendered":"<p><section class=\"cs-section\"><div class=\"container\"><div class=\"row\"><div class=\"col-md-8\"><div class=\"cs-column-text\"><p><strong>Tedavi masraflar\u0131m ne kadard\u0131r?<\/strong><\/p>\n<p>Tedavi masraflar\u0131n\u0131 belirleyen bir ka\u00e7 husus vard\u0131r. Bunlardan birincisi temel veya uzman bir GGZ taraf\u0131ndan tedavi edilmeniz. Bunu yan\u0131 s\u0131ra ka\u00e7 tane tedaviden olu\u015ftu\u011fu \u00f6nemli bir etken. Hollanda Sa\u011fl\u0131k Yetkilileri Hollanda\u2019da standart fiyat uygulamas\u0131 yapmaktad\u0131r. Daha fazla bilgi i\u00e7in GGZ masraflar\u0131na g\u00f6z atabilirsiniz: www.nza.nl<\/p>\n<p><strong>Sa\u011fl\u0131k sigortam ne kadar odiyor?<\/strong><\/p>\n<p>2016 i\u00e7inde ruhsal sa\u011fl\u0131k problemleri temel pakete dahildir. Buda yap\u0131lan masraflar\u0131n\u0131 b\u00fcy\u00fck bir k\u0131sm\u0131n\u0131n sa\u011fl\u0131k sigortan\u0131z taraf\u0131ndan \u00f6denildigi anlam\u0131na geliyor. \u00d6deme \u015fekli sa\u011fl\u0131k sigrotalar\u0131 taraf\u0131ndan de\u011fi\u015fmektedir. E\u011fer naturapolis sigortan\u0131z varsa, masraflar\u0131n\u0131z tamamen kar\u015f\u0131lanmaktad\u0131r. Restitutiepolis ise masraflar\u0131n\u0131z k\u0131smen kar\u015f\u0131nmaktad\u0131r. Daha fazla bilgi i\u00e7in sa\u011fl\u0131k sigortan\u0131z\u0131n genel \u015fartlar\u0131na bakman\u0131z\u0131 tavsiye ederiz.<\/p>\n<p><strong>Neyi kendim kar\u015f\u0131lamam gerekiyor?<\/strong><\/p>\n<p>2016 i\u00e7in sa\u011fl\u0131k sigortalar\u0131yla anla\u015fmam\u0131z olmad\u0131\u011f\u0131ndan dolay\u0131 baz\u0131 faturalar tamamen kar\u015f\u0131lanmamakta. Sa\u011fl\u0131k sigortan\u0131z taraf\u0131ndan kar\u015f\u0131lanmayan k\u0131sm\u0131 genel anlam\u0131yla biz kar\u015f\u0131lamaktay\u0131z. Bunun kar\u015f\u0131l\u0131\u011f\u0131nda beyanneme i\u00e7in bize yard\u0131mc\u0131 olman\u0131z\u0131 istirham ediyoruz. B\u00fcy\u00fck bir ihtimal yasal kanunen kendinize ait olan r\u0131siko pay\u0131ndan d\u00fc\u015fecektir. Bu konuyla alakal\u0131 sorunuzmu var? Sizinle yap\u0131lan ilk randevuda bu ve buna benzer sorular\u0131n\u0131za cevap verebiliriz.<\/p>\n<p><strong>Randevuda g\u00f6r\u00fcnmeme<\/strong><\/p>\n<p>Herhangi bir randevuyu iptal etmek veya de\u011fi\u015ftirmek istiyorsan\u0131z, bunun i\u00e7in ge\u00e7erli bir sebebiniz olmal\u0131d\u0131r. E\u011fer randevuyu de\u011fi\u015ftirmek istiyorsan\u0131z, bunu en az 24 saat \u00f6ncesinde telefon ile (070-2629311) bize bildirmeniz gerekmektedir. A\u00e7\u0131l\u0131\u015f saatlerimiz d\u0131\u015f\u0131nda bunu bize sesli mesaj olarakta iletebilirsiniz. Zaman\u0131nda iptal etme olmamas\u0131 ve randevuya gelmemeniz durumunda sa\u011fl\u0131k sigortan\u0131z araf\u0131ndan \u20ac106,25-\/\u20ac50, \u00f6demeniz gerekmektedir. Bu miktar sigortan\u0131z taraf\u0131ndan kar\u015f\u0131lanmamaktad\u0131r.<\/p>\n<p>Bu konuda \u00f6zellikle sizleri a\u00e7\u0131k ve net bir \u015fekilde uyarmak istiyoruz. Bu sizinle yap\u0131lacak olan ilk telefonlu g\u00f6r\u00fc\u015fmede sizinle payla\u015f\u0131lacakt\u0131r.\u00a0 Sizi muane eden ki\u015fi taraf\u0131ndanda bu konuyla alakal\u0131 bilgi alacakas\u0131n\u0131z. Bunu yan\u0131 s\u0131ra bekleme odam\u0131zdada bu konuyla alakal\u0131 bir tabelam\u0131z bulunmaktad\u0131r.<\/p>\n<\/div><\/div><div class=\"col-md-4\"><div class=\"cs-iconbox cs-iconbox-center cs-animation bounceInRight\" data-delay=\"0.5\" data-duration=\"2\"><div class=\"cs-iconbox-header\"><div class=\"cs-iconbox-icon\"><span class=\"cs-in fa fa-money cs-icon cs-icon-accent cs-icon-bgcolor cs-icon-circle cs-icon-custom\" style=\"font-size:100px;\"><\/span><\/div><\/div><div class=\"cs-iconbox-text\"><\/div><\/div><\/div><\/div><\/div><\/section><\/p>","protected":false},"excerpt":{"rendered":"<p><span class=\"entry-read-more\"><a href=\"https:\/\/www.ggz-reflection.nl\/tr\/kosten\/\" class=\"cs-btn cs-btn-flat cs-btn-rounded cs-btn-xxs cs-btn-flat-accent\">Daha fazlas\u0131n\u0131 oku<\/a><\/span><\/p>\n","protected":false},"author":2,"featured_media":0,"parent":0,"menu_order":0,"comment_status":"closed","ping_status":"closed","template":"","meta":{"footnotes":""},"class_list":["post-73","page","type-page","status-publish","hentry"],"_links":{"self":[{"href":"https:\/\/www.ggz-reflection.nl\/tr\/wp-json\/wp\/v2\/pages\/73","targetHints":{"allow":["GET"]}}],"collection":[{"href":"https:\/\/www.ggz-reflection.nl\/tr\/wp-json\/wp\/v2\/pages"}],"about":[{"href":"https:\/\/www.ggz-reflection.nl\/tr\/wp-json\/wp\/v2\/types\/page"}],"author":[{"embeddable":true,"href":"https:\/\/www.ggz-reflection.nl\/tr\/wp-json\/wp\/v2\/users\/2"}],"replies":[{"embeddable":true,"href":"https:\/\/www.ggz-reflection.nl\/tr\/wp-json\/wp\/v2\/comments?post=73"}],"version-history":[{"count":19,"href":"https:\/\/www.ggz-reflection.nl\/tr\/wp-json\/wp\/v2\/pages\/73\/revisions"}],"predecessor-version":[{"id":2726,"href":"https:\/\/www.ggz-reflection.nl\/tr\/wp-json\/wp\/v2\/pages\/73\/revisions\/2726"}],"wp:attachment":[{"href":"https:\/\/www.ggz-reflection.nl\/tr\/wp-json\/wp\/v2\/media?parent=73"}],"curies":[{"name":"wp","href":"https:\/\/api.w.org\/{rel}","templated":true}]}}