{"id":86,"date":"2015-07-08T13:18:40","date_gmt":"2015-07-08T12:18:40","guid":{"rendered":"http:\/\/irania.nl\/ggz\/?page_id=86"},"modified":"2024-09-04T08:27:57","modified_gmt":"2024-09-04T08:27:57","slug":"verwijzen-naar-ggz-reflection-haaglanden","status":"publish","type":"page","link":"https:\/\/www.ggz-reflection.nl\/tr\/verwijzen-naar-ggz-reflection-haaglanden\/","title":{"rendered":"GGZ-Reflection Haaglanden\u2019a y\u00f6nlendirin"},"content":{"rendered":"<p><section class=\"cs-section\"><div class=\"container\"><div class=\"row\"><div class=\"col-md-8\"><div class=\"cs-column-text\"><p>Herhangi bir hastan\u0131z\u0131 tedavi olmas\u0131 i\u00e7in bizemi y\u00f6nlendirmek istiyorsunuz? Psikoljik ve psikyatrik problemleniz i\u00e7in, temel veya uzman GGZ\u2019ler i\u00e7in, h\u0131zl\u0131 ve kolay bir \u015fekilde bize y\u00f6nlendirbilirsiniz. Bunu y\u00f6nlendirme belgesi ile yapabilirsiniz. Bu belgeyi y\u00f6nlendirme belgesi ad\u0131 alt\u0131nda bulunan sayfadan bulabilirsiniz. Bilgi payla\u015f\u0131m\u0131na \u00e7ok \u00f6nem verdi\u011fimizden dolay\u0131 dosyan\u0131n a\u00e7\u0131l\u0131\u015f yani kay\u0131t olunmas\u0131 ve dosyan\u0131n kapat\u0131lmas\u0131 bilgisini sizlere mektup yolu ile bildirmekteyiz.<\/p>\n<\/div><\/div><div class=\"col-md-4\"><div class=\"cs-iconbox cs-iconbox-center cs-animation bounceInRight\" data-delay=\"0.5\" data-duration=\"2\"><div class=\"cs-iconbox-header\"><div class=\"cs-iconbox-icon\"><span class=\"cs-in fa fa-reply-all cs-icon cs-icon-accent cs-icon-bgcolor cs-icon-circle cs-icon-custom\" style=\"font-size:100px;\"><\/span><\/div><\/div><div class=\"cs-iconbox-text\"><\/div><\/div><\/div><\/div><\/div><\/section><\/p>","protected":false},"excerpt":{"rendered":"<p><span class=\"entry-read-more\"><a href=\"https:\/\/www.ggz-reflection.nl\/tr\/verwijzen-naar-ggz-reflection-haaglanden\/\" class=\"cs-btn cs-btn-flat cs-btn-rounded cs-btn-xxs cs-btn-flat-accent\">Daha fazlas\u0131n\u0131 oku<\/a><\/span><\/p>\n","protected":false},"author":2,"featured_media":0,"parent":0,"menu_order":0,"comment_status":"closed","ping_status":"closed","template":"","meta":{"footnotes":""},"class_list":["post-86","page","type-page","status-publish","hentry"],"_links":{"self":[{"href":"https:\/\/www.ggz-reflection.nl\/tr\/wp-json\/wp\/v2\/pages\/86","targetHints":{"allow":["GET"]}}],"collection":[{"href":"https:\/\/www.ggz-reflection.nl\/tr\/wp-json\/wp\/v2\/pages"}],"about":[{"href":"https:\/\/www.ggz-reflection.nl\/tr\/wp-json\/wp\/v2\/types\/page"}],"author":[{"embeddable":true,"href":"https:\/\/www.ggz-reflection.nl\/tr\/wp-json\/wp\/v2\/users\/2"}],"replies":[{"embeddable":true,"href":"https:\/\/www.ggz-reflection.nl\/tr\/wp-json\/wp\/v2\/comments?post=86"}],"version-history":[{"count":5,"href":"https:\/\/www.ggz-reflection.nl\/tr\/wp-json\/wp\/v2\/pages\/86\/revisions"}],"predecessor-version":[{"id":2755,"href":"https:\/\/www.ggz-reflection.nl\/tr\/wp-json\/wp\/v2\/pages\/86\/revisions\/2755"}],"wp:attachment":[{"href":"https:\/\/www.ggz-reflection.nl\/tr\/wp-json\/wp\/v2\/media?parent=86"}],"curies":[{"name":"wp","href":"https:\/\/api.w.org\/{rel}","templated":true}]}}